{"id":4242,"date":"2025-02-26T12:01:33","date_gmt":"2025-02-26T11:01:33","guid":{"rendered":"https:\/\/reflectyourstyle.ch\/apprends-toi\/"},"modified":"2025-03-06T11:02:34","modified_gmt":"2025-03-06T10:02:34","slug":"brings-dir-bei","status":"publish","type":"page","link":"https:\/\/reflectyourstyle.ch\/fr\/brings-dir-bei\/","title":{"rendered":"Apprends-toi"},"content":{"rendered":"\n<div class=\"wp-block-cover alignfull has-parallax hero wp-duotone-unset-1\" style=\"margin-top:0;padding-top:48px;padding-right:48px;padding-bottom:48px;padding-left:48px;min-height:60vh;aspect-ratio:unset;\"><span aria-hidden=\"true\" class=\"wp-block-cover__background has-background-dim-30 has-background-dim\" style=\"background-color:#9e6b7c\"><\/span><div class=\"wp-block-cover__image-background wp-image-4254 has-parallax\" style=\"background-position:50% 50%;background-image:url(https:\/\/reflectyourstyle.ch\/wp-content\/uploads\/2025\/02\/sewing-318519_1280.jpg)\"><\/div><div class=\"wp-block-cover__inner-container is-layout-flow wp-block-cover-is-layout-flow\">\n<h1 class=\"wp-block-heading has-text-align-center\"><strong>Conseils de r\u00e9paration et d&rsquo;entretien pour vos v\u00eatements<\/strong><\/h1>\n<\/div><\/div>\n\n<section class=\"content bright  \" style=\"--gradient:#dba8c5 0%, #db72ad 0%\">\n<div class=\"content\">\t\n\t\t\n\n\n<h2 class=\"wp-block-heading\">Comment laver, entretenir et r\u00e9parer vos v\u00eatements correctement<\/h2>\n\n<p>Rapi\u00e9cer, entretenir, porter plus loin &#8211; telle est la devise pour que vos v\u00eatements restent beaux et intacts le plus longtemps possible. En effet, si vous utilisez quelque chose plus longtemps, vous faites une d\u00e9claration en faveur de la protection de l&rsquo;environnement et du climat.<\/p>\n\n<p>Gr\u00e2ce \u00e0 nos conseils d&rsquo;entretien et de r\u00e9paration, vous \u00eates parfaitement \u00e9quip\u00e9 pour y faire face &#8211; qu&rsquo;il s&rsquo;agisse de laver correctement, de recoudre un bouton ou d&rsquo;imperm\u00e9abiliser une veste de pluie, vous trouverez ici toutes les bases essentielles.<\/p>\n<\/section><\/div>\n<section class=\"content bright  fullwidth\" style=\"--gradient:#db72ad, #853ba5\">\n<div class=\"content\">\t\n\t\t\n\n\n<h2 class=\"wp-block-heading\">Conseils d&rsquo;entretien et de r\u00e9paration<\/h2>\n \n    \n\n<div class=\"tipps-wrapper\">\n<!-- <ul > -->\n\t\t\t\t\t\t\n\t\t\t\t<!-- <li class=\"tipps\">\t -->\n\t\t\t\t<a href=\"https:\/\/reflectyourstyle.ch\/fr\/laver-le-linge-correctement\/\" class=\"wp-block-button__link wp-element-button\" >\n\t\t\t\t\t\t\t<strong class=\"title\">Laver le linge correctement<\/strong>\n\t\t\t\t\t<\/a>\n\t\t\t\t\t<!-- <\/li> -->\n\t\t\t\t\t\n\t\t\t\t\t\t\t\t\n\t\t\t\t<!-- <li class=\"tipps\">\t -->\n\t\t\t\t<a href=\"https:\/\/reflectyourstyle.ch\/fr\/laver-correctement-a-la-main\/\" class=\"wp-block-button__link wp-element-button\" >\n\t\t\t\t\t\t\t<strong class=\"title\">Laver correctement \u00e0 la main<\/strong>\n\t\t\t\t\t<\/a>\n\t\t\t\t\t<!-- <\/li> -->\n\t\t\t\t\t\n\t\t\t\t\t\t\t\t\n\t\t\t\t<!-- <li class=\"tipps\">\t -->\n\t\t\t\t<a href=\"https:\/\/reflectyourstyle.ch\/fr\/laver-correctement-les-serviettes-et-les-eponges-de-nettoyage\/\" class=\"wp-block-button__link wp-element-button\" >\n\t\t\t\t\t\t\t<strong class=\"title\">Laver correctement les serviettes et les \u00e9ponges de nettoyage<\/strong>\n\t\t\t\t\t<\/a>\n\t\t\t\t\t<!-- <\/li> -->\n\t\t\t\t\t\n\t\t\t\t\t\t\t\t\n\t\t\t\t<!-- <li class=\"tipps\">\t -->\n\t\t\t\t<a href=\"https:\/\/reflectyourstyle.ch\/fr\/waschmaschine-reinigen\/\" class=\"wp-block-button__link wp-element-button\" >\n\t\t\t\t\t\t\t<strong class=\"title\">Nettoyer la machine \u00e0 laver<\/strong>\n\t\t\t\t\t<\/a>\n\t\t\t\t\t<!-- <\/li> -->\n\t\t\t\t\t\n\t\t\t\t\t\t\t<!-- <\/ul> -->\n\t\t\n\n\t<\/div>\n\t","protected":false},"excerpt":{"rendered":"<p>Comment laver, entretenir et r\u00e9parer vos v\u00eatements correctement Rapi\u00e9cer, entretenir, porter plus loin &#8211; telle est la devise pour que vos v\u00eatements restent beaux et intacts le plus longtemps possible. En effet, si vous utilisez quelque chose plus longtemps, vous faites une d\u00e9claration en faveur de la protection de l&rsquo;environnement et du climat. Gr\u00e2ce \u00e0 [&hellip;]<\/p>\n","protected":false},"author":5,"featured_media":4255,"parent":0,"menu_order":0,"comment_status":"closed","ping_status":"closed","template":"","meta":{"_acf_changed":false,"footnotes":""},"class_list":["post-4242","page","type-page","status-publish","has-post-thumbnail","hentry"],"acf":[],"yoast_head":"<!-- This site is optimized with the Yoast SEO plugin v25.3.1 - https:\/\/yoast.com\/wordpress\/plugins\/seo\/ -->\n<title>Apprends-toi - reflect your style<\/title>\n<meta name=\"robots\" content=\"index, follow, max-snippet:-1, max-image-preview:large, max-video-preview:-1\" \/>\n<link rel=\"canonical\" href=\"https:\/\/reflectyourstyle.ch\/fr\/brings-dir-bei\/\" \/>\n<meta property=\"og:locale\" content=\"fr_FR\" \/>\n<meta property=\"og:type\" content=\"article\" \/>\n<meta property=\"og:title\" content=\"Apprends-toi - reflect your style\" \/>\n<meta property=\"og:description\" content=\"Comment laver, entretenir et r\u00e9parer vos v\u00eatements correctement Rapi\u00e9cer, entretenir, porter plus loin &#8211; telle est la devise pour que vos v\u00eatements restent beaux et intacts le plus longtemps possible. En effet, si vous utilisez quelque chose plus longtemps, vous faites une d\u00e9claration en faveur de la protection de l&rsquo;environnement et du climat. Gr\u00e2ce \u00e0 [&hellip;]\" \/>\n<meta property=\"og:url\" content=\"https:\/\/reflectyourstyle.ch\/fr\/brings-dir-bei\/\" \/>\n<meta property=\"og:site_name\" content=\"reflect your style\" \/>\n<meta property=\"article:modified_time\" content=\"2025-03-06T10:02:34+00:00\" \/>\n<meta property=\"og:image\" content=\"https:\/\/reflectyourstyle.ch\/wp-content\/uploads\/2025\/02\/sewing-318519_1280.jpg\" \/>\n\t<meta property=\"og:image:width\" content=\"1280\" \/>\n\t<meta property=\"og:image:height\" content=\"686\" \/>\n\t<meta property=\"og:image:type\" content=\"image\/jpeg\" \/>\n<meta name=\"twitter:card\" content=\"summary_large_image\" \/>\n<meta name=\"twitter:label1\" content=\"Dur\u00e9e de lecture estim\u00e9e\" \/>\n\t<meta name=\"twitter:data1\" content=\"1 minute\" \/>\n<script type=\"application\/ld+json\" class=\"yoast-schema-graph\">{\"@context\":\"https:\/\/schema.org\",\"@graph\":[{\"@type\":\"WebPage\",\"@id\":\"https:\/\/reflectyourstyle.ch\/fr\/brings-dir-bei\/\",\"url\":\"https:\/\/reflectyourstyle.ch\/fr\/brings-dir-bei\/\",\"name\":\"Apprends-toi - reflect your style\",\"isPartOf\":{\"@id\":\"https:\/\/reflectyourstyle.ch\/fr\/#website\"},\"primaryImageOfPage\":{\"@id\":\"https:\/\/reflectyourstyle.ch\/fr\/brings-dir-bei\/#primaryimage\"},\"image\":{\"@id\":\"https:\/\/reflectyourstyle.ch\/fr\/brings-dir-bei\/#primaryimage\"},\"thumbnailUrl\":\"https:\/\/reflectyourstyle.ch\/wp-content\/uploads\/2025\/02\/sewing-318519_1280.jpg\",\"datePublished\":\"2025-02-26T11:01:33+00:00\",\"dateModified\":\"2025-03-06T10:02:34+00:00\",\"breadcrumb\":{\"@id\":\"https:\/\/reflectyourstyle.ch\/fr\/brings-dir-bei\/#breadcrumb\"},\"inLanguage\":\"fr-FR\",\"potentialAction\":[{\"@type\":\"ReadAction\",\"target\":[\"https:\/\/reflectyourstyle.ch\/fr\/brings-dir-bei\/\"]}]},{\"@type\":\"ImageObject\",\"inLanguage\":\"fr-FR\",\"@id\":\"https:\/\/reflectyourstyle.ch\/fr\/brings-dir-bei\/#primaryimage\",\"url\":\"https:\/\/reflectyourstyle.ch\/wp-content\/uploads\/2025\/02\/sewing-318519_1280.jpg\",\"contentUrl\":\"https:\/\/reflectyourstyle.ch\/wp-content\/uploads\/2025\/02\/sewing-318519_1280.jpg\",\"width\":1280,\"height\":686},{\"@type\":\"BreadcrumbList\",\"@id\":\"https:\/\/reflectyourstyle.ch\/fr\/brings-dir-bei\/#breadcrumb\",\"itemListElement\":[{\"@type\":\"ListItem\",\"position\":1,\"name\":\"Startseite\",\"item\":\"https:\/\/reflectyourstyle.ch\/fr\/\"},{\"@type\":\"ListItem\",\"position\":2,\"name\":\"Apprends-toi\"}]},{\"@type\":\"WebSite\",\"@id\":\"https:\/\/reflectyourstyle.ch\/fr\/#website\",\"url\":\"https:\/\/reflectyourstyle.ch\/fr\/\",\"name\":\"reflect your style\",\"description\":\"\",\"potentialAction\":[{\"@type\":\"SearchAction\",\"target\":{\"@type\":\"EntryPoint\",\"urlTemplate\":\"https:\/\/reflectyourstyle.ch\/fr\/?s={search_term_string}\"},\"query-input\":{\"@type\":\"PropertyValueSpecification\",\"valueRequired\":true,\"valueName\":\"search_term_string\"}}],\"inLanguage\":\"fr-FR\"}]}<\/script>\n<!-- \/ Yoast SEO plugin. -->","yoast_head_json":{"title":"Apprends-toi - reflect your style","robots":{"index":"index","follow":"follow","max-snippet":"max-snippet:-1","max-image-preview":"max-image-preview:large","max-video-preview":"max-video-preview:-1"},"canonical":"https:\/\/reflectyourstyle.ch\/fr\/brings-dir-bei\/","og_locale":"fr_FR","og_type":"article","og_title":"Apprends-toi - reflect your style","og_description":"Comment laver, entretenir et r\u00e9parer vos v\u00eatements correctement Rapi\u00e9cer, entretenir, porter plus loin &#8211; telle est la devise pour que vos v\u00eatements restent beaux et intacts le plus longtemps possible. En effet, si vous utilisez quelque chose plus longtemps, vous faites une d\u00e9claration en faveur de la protection de l&rsquo;environnement et du climat. Gr\u00e2ce \u00e0 [&hellip;]","og_url":"https:\/\/reflectyourstyle.ch\/fr\/brings-dir-bei\/","og_site_name":"reflect your style","article_modified_time":"2025-03-06T10:02:34+00:00","og_image":[{"width":1280,"height":686,"url":"https:\/\/reflectyourstyle.ch\/wp-content\/uploads\/2025\/02\/sewing-318519_1280.jpg","type":"image\/jpeg"}],"twitter_card":"summary_large_image","twitter_misc":{"Dur\u00e9e de lecture estim\u00e9e":"1 minute"},"schema":{"@context":"https:\/\/schema.org","@graph":[{"@type":"WebPage","@id":"https:\/\/reflectyourstyle.ch\/fr\/brings-dir-bei\/","url":"https:\/\/reflectyourstyle.ch\/fr\/brings-dir-bei\/","name":"Apprends-toi - reflect your style","isPartOf":{"@id":"https:\/\/reflectyourstyle.ch\/fr\/#website"},"primaryImageOfPage":{"@id":"https:\/\/reflectyourstyle.ch\/fr\/brings-dir-bei\/#primaryimage"},"image":{"@id":"https:\/\/reflectyourstyle.ch\/fr\/brings-dir-bei\/#primaryimage"},"thumbnailUrl":"https:\/\/reflectyourstyle.ch\/wp-content\/uploads\/2025\/02\/sewing-318519_1280.jpg","datePublished":"2025-02-26T11:01:33+00:00","dateModified":"2025-03-06T10:02:34+00:00","breadcrumb":{"@id":"https:\/\/reflectyourstyle.ch\/fr\/brings-dir-bei\/#breadcrumb"},"inLanguage":"fr-FR","potentialAction":[{"@type":"ReadAction","target":["https:\/\/reflectyourstyle.ch\/fr\/brings-dir-bei\/"]}]},{"@type":"ImageObject","inLanguage":"fr-FR","@id":"https:\/\/reflectyourstyle.ch\/fr\/brings-dir-bei\/#primaryimage","url":"https:\/\/reflectyourstyle.ch\/wp-content\/uploads\/2025\/02\/sewing-318519_1280.jpg","contentUrl":"https:\/\/reflectyourstyle.ch\/wp-content\/uploads\/2025\/02\/sewing-318519_1280.jpg","width":1280,"height":686},{"@type":"BreadcrumbList","@id":"https:\/\/reflectyourstyle.ch\/fr\/brings-dir-bei\/#breadcrumb","itemListElement":[{"@type":"ListItem","position":1,"name":"Startseite","item":"https:\/\/reflectyourstyle.ch\/fr\/"},{"@type":"ListItem","position":2,"name":"Apprends-toi"}]},{"@type":"WebSite","@id":"https:\/\/reflectyourstyle.ch\/fr\/#website","url":"https:\/\/reflectyourstyle.ch\/fr\/","name":"reflect your style","description":"","potentialAction":[{"@type":"SearchAction","target":{"@type":"EntryPoint","urlTemplate":"https:\/\/reflectyourstyle.ch\/fr\/?s={search_term_string}"},"query-input":{"@type":"PropertyValueSpecification","valueRequired":true,"valueName":"search_term_string"}}],"inLanguage":"fr-FR"}]}},"_links":{"self":[{"href":"https:\/\/reflectyourstyle.ch\/fr\/wp-json\/wp\/v2\/pages\/4242","targetHints":{"allow":["GET"]}}],"collection":[{"href":"https:\/\/reflectyourstyle.ch\/fr\/wp-json\/wp\/v2\/pages"}],"about":[{"href":"https:\/\/reflectyourstyle.ch\/fr\/wp-json\/wp\/v2\/types\/page"}],"author":[{"embeddable":true,"href":"https:\/\/reflectyourstyle.ch\/fr\/wp-json\/wp\/v2\/users\/5"}],"replies":[{"embeddable":true,"href":"https:\/\/reflectyourstyle.ch\/fr\/wp-json\/wp\/v2\/comments?post=4242"}],"version-history":[{"count":13,"href":"https:\/\/reflectyourstyle.ch\/fr\/wp-json\/wp\/v2\/pages\/4242\/revisions"}],"predecessor-version":[{"id":4478,"href":"https:\/\/reflectyourstyle.ch\/fr\/wp-json\/wp\/v2\/pages\/4242\/revisions\/4478"}],"wp:featuredmedia":[{"embeddable":true,"href":"https:\/\/reflectyourstyle.ch\/fr\/wp-json\/wp\/v2\/media\/4255"}],"wp:attachment":[{"href":"https:\/\/reflectyourstyle.ch\/fr\/wp-json\/wp\/v2\/media?parent=4242"}],"curies":[{"name":"wp","href":"https:\/\/api.w.org\/{rel}","templated":true}]}}